{"id":3236,"date":"2022-11-04T15:16:32","date_gmt":"2022-11-04T15:16:32","guid":{"rendered":"https:\/\/aleksandarsimic.info\/simamed\/?post_type=product&#038;p=3236"},"modified":"2024-07-02T11:59:31","modified_gmt":"2024-07-02T11:59:31","slug":"kremisimo-simamed","status":"publish","type":"product","link":"https:\/\/aleksandarsimic.info\/simamed\/product\/kremisimo-simamed\/","title":{"rendered":"KREMISIMO &#8211; SIMAMED"},"content":{"rendered":"<p><strong>KREMISIMO SA ORGANSKIM KAKAOM I LE\u0160NIKOM<\/strong><\/p>\n<ul>\n<li>Odli\u010dan je saveznik u prevenciji niskog gvo\u017e\u0111a zahvaljuju\u0107i 100% organskim kakaom<\/li>\n<li>Reguli\u0161e nivo \u0161e\u0107era i holesterola u krvi<\/li>\n<li>Podsti\u010de bolje pam\u0107enje i koncentraciju<\/li>\n<li>Smanjuje opasnost od sr\u010danog udara<\/li>\n<li>Poma\u017ee u regulaciji krvnog pritiska<\/li>\n<li>U njemu se nalaze hormoni sre\u0107e \u2013 serotonin i dopamin<\/li>\n<li>Obiluje omega-6 masnim kiselinama koje hrane mozak i poma\u017eu celokupnom zdravlju organizma<\/li>\n<li>Sadr\u017ei najve\u0107u koncentraciju antioksidansa zahvaljuju\u0107i 100% organskim kakakom u odnosu na bilo koju drugu namirnicu na svetu<\/li>\n<\/ul>\n<p><b>KREMISIMO mogu koristiti i dijabeti\u010dari<\/b> &#8211; kao zamenu drugih zasladjiva\u010da medom ali uz konsultaciju sa svojim lekarom oko dnevnih koli\u010dina koje smeju da koriste.<\/p>\n<p>Obiluje vitaminima i mineralima:<\/p>\n<ul>\n<li>Vitamine ( C, A, B1, B2, B6 )<\/li>\n<li>Minerale ( kalijum, kalcijum, magnezijum, gvo\u017edje, fosfor, natrijum)<\/li>\n<li>Flavanoide<\/li>\n<li>Enzime iz tela p\u010dela<\/li>\n<li>Aminokiseline<\/li>\n<li>Glukozu i fruktozu<\/li>\n<\/ul>\n<ul>\n<li><b>Normalne dnevne<\/b>\u00a0koli\u010dine meda su:<br \/>\nza odrasle: 60-100g, podeljene u 3-4 doze u toku dana;<br \/>\nza decu: 30-50g, 3-4 puta u toku dana.<br \/>\n<b><\/b><\/li>\n<li><b>Med i preparati<\/b>\u00a0sa medom koriste se tako \u0161to se \u0161to du\u017ee dr\u017ee u ustima dok se ne rastope. Ili mogu da se rastope u mlakoj vodi i potom popiju.<br \/>\n<b><\/b><\/li>\n<li><b>Potrebno je<\/b>\u00a0da se posebno istakne da je\u00a0<u>najgori na\u010din uzimanja meda, kao i preparata sa medom, kada se med proguta i zatim popije hladna voda<\/u>.<\/li>\n<\/ul>\n","protected":false},"excerpt":{"rendered":"<p>KREMISIMO SA ORGANSKIM KAKAOM I LE\u0160NIKOM Odli\u010dan je saveznik u prevenciji niskog gvo\u017e\u0111a zahvaljuju\u0107i 100% organskim kakaom Reguli\u0161e nivo \u0161e\u0107era i holesterola u krvi Podsti\u010de bolje pam\u0107enje i koncentraciju Smanjuje opasnost od sr\u010danog udara Poma\u017ee u regulaciji krvnog pritiska U njemu se nalaze hormoni sre\u0107e \u2013 serotonin i dopamin Obiluje omega-6 masnim kiselinama koje hrane &hellip;<\/p>\n<p class=\"read-more\"> <a class=\"\" href=\"https:\/\/aleksandarsimic.info\/simamed\/product\/kremisimo-simamed\/\"> <span class=\"screen-reader-text\">KREMISIMO &#8211; SIMAMED<\/span> Read More &raquo;<\/a><\/p>\n","protected":false},"featured_media":3237,"comment_status":"open","ping_status":"closed","template":"","meta":{"_coblocks_attr":"","_coblocks_dimensions":"","_coblocks_responsive_height":"","_coblocks_accordion_ie_support":"","site-sidebar-layout":"default","site-content-layout":"default","ast-global-header-display":"","ast-main-header-display":"","ast-hfb-above-header-display":"","ast-hfb-below-header-display":"","ast-hfb-mobile-header-display":"","site-post-title":"","ast-breadcrumbs-content":"","ast-featured-img":"","footer-sml-layout":"","theme-transparent-header-meta":"default","adv-header-id-meta":"","stick-header-meta":"","header-above-stick-meta":"","header-main-stick-meta":"","header-below-stick-meta":""},"product_cat":[17,22],"product_tag":[],"_links":{"self":[{"href":"https:\/\/aleksandarsimic.info\/simamed\/wp-json\/wp\/v2\/product\/3236"}],"collection":[{"href":"https:\/\/aleksandarsimic.info\/simamed\/wp-json\/wp\/v2\/product"}],"about":[{"href":"https:\/\/aleksandarsimic.info\/simamed\/wp-json\/wp\/v2\/types\/product"}],"replies":[{"embeddable":true,"href":"https:\/\/aleksandarsimic.info\/simamed\/wp-json\/wp\/v2\/comments?post=3236"}],"version-history":[{"count":3,"href":"https:\/\/aleksandarsimic.info\/simamed\/wp-json\/wp\/v2\/product\/3236\/revisions"}],"predecessor-version":[{"id":3240,"href":"https:\/\/aleksandarsimic.info\/simamed\/wp-json\/wp\/v2\/product\/3236\/revisions\/3240"}],"wp:featuredmedia":[{"embeddable":true,"href":"https:\/\/aleksandarsimic.info\/simamed\/wp-json\/wp\/v2\/media\/3237"}],"wp:attachment":[{"href":"https:\/\/aleksandarsimic.info\/simamed\/wp-json\/wp\/v2\/media?parent=3236"}],"wp:term":[{"taxonomy":"product_cat","embeddable":true,"href":"https:\/\/aleksandarsimic.info\/simamed\/wp-json\/wp\/v2\/product_cat?post=3236"},{"taxonomy":"product_tag","embeddable":true,"href":"https:\/\/aleksandarsimic.info\/simamed\/wp-json\/wp\/v2\/product_tag?post=3236"}],"curies":[{"name":"wp","href":"https:\/\/api.w.org\/{rel}","templated":true}]}}