{"id":3171,"date":"2020-06-07T20:48:21","date_gmt":"2020-06-07T20:48:21","guid":{"rendered":"https:\/\/aleksandarsimic.info\/shop\/?post_type=product&#038;p=3171"},"modified":"2022-10-28T15:37:04","modified_gmt":"2022-10-28T15:37:04","slug":"bagremov-med","status":"publish","type":"product","link":"https:\/\/aleksandarsimic.info\/simamed\/product\/bagremov-med\/","title":{"rendered":"Bagremov med"},"content":{"rendered":"<ul>\n<li><b>Bagremov med je blagog ukusa<\/b> i prijatnih, neutralnih aroma. Bogat je vitaminom C i svojim sastavom deluje na opu\u0161tanje organizma.<\/li>\n<li><b>Bagremov med<\/b>\u00a0u narodnoj medicini se koristi jos za:\n<ul>\n<li>bolje varenje i apetit<\/li>\n<li>kod respiratornih infekcija, hronicnog kaslja, bronhitisa i drugo<\/li>\n<li>prevazila\u017eenje stresnih stanja organizma<\/li>\n<li>bolji san<\/li>\n<li>bolji rad creva i jetre<\/li>\n<li>ja\u010danje imuniteta<\/li>\n<li>kao antioksidans<\/li>\n<li>detoksikaciju organizma<\/li>\n<li>oporavak organizma usled iscrpljenosti<\/li>\n<\/ul>\n<p>&nbsp;<\/li>\n<li><b>Bagremov med mogu koristiti i dijabeti\u010dari<\/b>\u00a0kao zamenu drugih zasladjiva\u010da medom ali uz konsultaciju sa svojim lekarom oko dnevnih koli\u010dina koje smeju da koriste.<\/li>\n<li><b>Bagremov med<\/b>\u00a0sadr\u017ei:\n<ul>\n<li>Vitamine ( C, A, B1, B2, B6 )<\/li>\n<li>Minerale ( kalijum, kalcijum, magnezijum, gvo\u017edje, fosfor, natrijum)<\/li>\n<li>Flavanoide<\/li>\n<li>Enzime iz tela p\u010dela<\/li>\n<li>Aminokiseline<\/li>\n<li>Glukozu i fruktozu<\/li>\n<li>Manje koli\u010dine vode<\/li>\n<\/ul>\n<\/li>\n<li><b>Normalne dnevne<\/b>\u00a0koli\u010dine meda su:<br \/>\nza odrasle: 60-100g, podeljene u 3-4 doze u toku dana;<br \/>\nza decu: 30-50g, 3-4 puta u toku dana.<br \/>\n<b><\/b><\/li>\n<li><b>Med i preparati<\/b>\u00a0sa medom koriste se tako \u0161to se \u0161to du\u017ee dr\u017ee u ustima dok se ne rastope. Ili mogu da se rastope u mlakoj vodi i potom popiju.<br \/>\n<b><\/b><\/li>\n<li><b>Potrebno je<\/b>\u00a0da se posebno istakne da je\u00a0<u>najgori na\u010din uzimanja meda, kao i preparata sa medom, kada se med proguta i zatim popije hladna voda<\/u>.<\/li>\n<\/ul>\n<p>&nbsp;<\/p>\n","protected":false},"excerpt":{"rendered":"<p>Bagremov med je blagog ukusa i prijatnih, neutralnih aroma. Bogat je vitaminom C i svojim sastavom deluje na opu\u0161tanje organizma. Bagremov med\u00a0u narodnoj medicini se koristi jos za: bolje varenje i apetit kod respiratornih infekcija, hronicnog kaslja, bronhitisa i drugo prevazila\u017eenje stresnih stanja organizma bolji san bolji rad creva i jetre ja\u010danje imuniteta kao antioksidans &hellip;<\/p>\n<p class=\"read-more\"> <a class=\"\" href=\"https:\/\/aleksandarsimic.info\/simamed\/product\/bagremov-med\/\"> <span class=\"screen-reader-text\">Bagremov med<\/span> Read More &raquo;<\/a><\/p>\n","protected":false},"featured_media":3234,"comment_status":"open","ping_status":"closed","template":"","meta":{"_coblocks_attr":"","_coblocks_dimensions":"","_coblocks_responsive_height":"","_coblocks_accordion_ie_support":"","site-sidebar-layout":"default","site-content-layout":"default","ast-global-header-display":"","ast-main-header-display":"","ast-hfb-above-header-display":"","ast-hfb-below-header-display":"","ast-hfb-mobile-header-display":"","site-post-title":"","ast-breadcrumbs-content":"","ast-featured-img":"","footer-sml-layout":"","theme-transparent-header-meta":"default","adv-header-id-meta":"","stick-header-meta":"","header-above-stick-meta":"","header-main-stick-meta":"","header-below-stick-meta":""},"product_cat":[17,22],"product_tag":[23,24],"_links":{"self":[{"href":"https:\/\/aleksandarsimic.info\/simamed\/wp-json\/wp\/v2\/product\/3171"}],"collection":[{"href":"https:\/\/aleksandarsimic.info\/simamed\/wp-json\/wp\/v2\/product"}],"about":[{"href":"https:\/\/aleksandarsimic.info\/simamed\/wp-json\/wp\/v2\/types\/product"}],"replies":[{"embeddable":true,"href":"https:\/\/aleksandarsimic.info\/simamed\/wp-json\/wp\/v2\/comments?post=3171"}],"version-history":[{"count":2,"href":"https:\/\/aleksandarsimic.info\/simamed\/wp-json\/wp\/v2\/product\/3171\/revisions"}],"predecessor-version":[{"id":3174,"href":"https:\/\/aleksandarsimic.info\/simamed\/wp-json\/wp\/v2\/product\/3171\/revisions\/3174"}],"wp:featuredmedia":[{"embeddable":true,"href":"https:\/\/aleksandarsimic.info\/simamed\/wp-json\/wp\/v2\/media\/3234"}],"wp:attachment":[{"href":"https:\/\/aleksandarsimic.info\/simamed\/wp-json\/wp\/v2\/media?parent=3171"}],"wp:term":[{"taxonomy":"product_cat","embeddable":true,"href":"https:\/\/aleksandarsimic.info\/simamed\/wp-json\/wp\/v2\/product_cat?post=3171"},{"taxonomy":"product_tag","embeddable":true,"href":"https:\/\/aleksandarsimic.info\/simamed\/wp-json\/wp\/v2\/product_tag?post=3171"}],"curies":[{"name":"wp","href":"https:\/\/api.w.org\/{rel}","templated":true}]}}