{"id":3264,"date":"2022-11-18T14:47:30","date_gmt":"2022-11-18T14:47:30","guid":{"rendered":"https:\/\/aleksandarsimic.info\/simamed\/?page_id=3264"},"modified":"2022-11-18T14:56:26","modified_gmt":"2022-11-18T14:56:26","slug":"e-book","status":"publish","type":"page","link":"https:\/\/aleksandarsimic.info\/simamed\/e-book\/","title":{"rendered":"E-BOOK"},"content":{"rendered":"\t\t<div data-elementor-type=\"wp-page\" data-elementor-id=\"3264\" class=\"elementor elementor-3264\">\n\t\t\t\t\t\t<div class=\"elementor-inner\">\n\t\t\t\t<div class=\"elementor-section-wrap\">\n\t\t\t\t\t\t\t\t\t<section class=\"elementor-section elementor-top-section elementor-element elementor-element-6133675 elementor-section-boxed elementor-section-height-default elementor-section-height-default\" data-id=\"6133675\" data-element_type=\"section\">\n\t\t\t\t\t\t<div class=\"elementor-container elementor-column-gap-default\">\n\t\t\t\t\t\t\t<div class=\"elementor-row\">\n\t\t\t\t\t<div class=\"elementor-column elementor-col-100 elementor-top-column elementor-element elementor-element-034afed\" data-id=\"034afed\" data-element_type=\"column\">\n\t\t\t<div class=\"elementor-column-wrap elementor-element-populated\">\n\t\t\t\t\t\t\t<div class=\"elementor-widget-wrap\">\n\t\t\t\t\t\t<div class=\"elementor-element elementor-element-2b43540 elementor-widget elementor-widget-heading\" data-id=\"2b43540\" data-element_type=\"widget\" data-widget_type=\"heading.default\">\n\t\t\t\t<div class=\"elementor-widget-container\">\n\t\t\t<h2 class=\"elementor-heading-title elementor-size-default\">ELEKTRONSKE KNJIGE - SIMAMED\u00a9<\/h2>\t\t<\/div>\n\t\t\t\t<\/div>\n\t\t\t\t\t\t<\/div>\n\t\t\t\t\t<\/div>\n\t\t<\/div>\n\t\t\t\t\t\t\t\t<\/div>\n\t\t\t\t\t<\/div>\n\t\t<\/section>\n\t\t\t\t<section class=\"elementor-section elementor-top-section elementor-element elementor-element-2658a9b elementor-section-boxed elementor-section-height-default elementor-section-height-default\" data-id=\"2658a9b\" data-element_type=\"section\">\n\t\t\t\t\t\t<div class=\"elementor-container elementor-column-gap-default\">\n\t\t\t\t\t\t\t<div class=\"elementor-row\">\n\t\t\t\t\t<div class=\"elementor-column elementor-col-100 elementor-top-column elementor-element elementor-element-ff24341\" data-id=\"ff24341\" data-element_type=\"column\">\n\t\t\t<div class=\"elementor-column-wrap elementor-element-populated\">\n\t\t\t\t\t\t\t<div class=\"elementor-widget-wrap\">\n\t\t\t\t\t\t<div class=\"elementor-element elementor-element-ede5d0c elementor-invisible elementor-widget elementor-widget-image\" data-id=\"ede5d0c\" data-element_type=\"widget\" data-settings=\"{&quot;_animation&quot;:&quot;fadeIn&quot;}\" data-widget_type=\"image.default\">\n\t\t\t\t<div class=\"elementor-widget-container\">\n\t\t\t\t\t\t\t\t<div class=\"elementor-image\">\n\t\t\t\t\t\t\t\t\t<figure class=\"wp-caption\">\n\t\t\t\t\t\t\t\t\t\t<img loading=\"lazy\" decoding=\"async\" width=\"597\" height=\"418\" src=\"https:\/\/aleksandarsimic.info\/simamed\/wp-content\/uploads\/2022\/11\/smartmockups_lamm5n2k-removebg-preview.png\" class=\"attachment-large size-large\" alt=\"\" srcset=\"https:\/\/aleksandarsimic.info\/simamed\/wp-content\/uploads\/2022\/11\/smartmockups_lamm5n2k-removebg-preview.png 597w, https:\/\/aleksandarsimic.info\/simamed\/wp-content\/uploads\/2022\/11\/smartmockups_lamm5n2k-removebg-preview-300x210.png 300w\" sizes=\"(max-width: 597px) 100vw, 597px\" \/>\t\t\t\t\t\t\t\t\t\t\t<figcaption class=\"widget-image-caption wp-caption-text\"><\/figcaption>\n\t\t\t\t\t\t\t\t\t\t<\/figure>\n\t\t\t\t\t\t\t\t<\/div>\n\t\t\t\t\t\t<\/div>\n\t\t\t\t<\/div>\n\t\t\t\t<div class=\"elementor-element elementor-element-0da55ff elementor-widget elementor-widget-text-editor\" data-id=\"0da55ff\" data-element_type=\"widget\" data-widget_type=\"text-editor.default\">\n\t\t\t\t<div class=\"elementor-widget-container\">\n\t\t\t\t\t\t\t\t<div class=\"elementor-text-editor elementor-clearfix\">\n\t\t\t\t<p><b>MEDENI NA\u010cIN DA SVOJ \u017dIVOT U\u010cINI\u0160 ZDRAVIM I SLA\u0110IM<\/b><strong> &#8211;&nbsp;<\/strong>prva elektronska knjiga o p\u010delarstvu u izdanju SIMAMED<span style=\"color: rgb(17, 17, 17); font-family: Roboto, Helvetica, sans-serif; font-size: 16px; font-style: normal; font-weight: 400;\">\u00a9&nbsp;<\/span><span style=\"font-size: 16px;\">(<i>poljoprivredno gazdinstvo Simi\u0107<\/i>). Kako i na koji na\u010din da najbolje iskoristi\u0161 benefite meda ujutru, pravilna upotreba meda umesto \u0161e\u0107era, zdravi recepti&#8230;<\/span><\/p>\t\t\t\t\t<\/div>\n\t\t\t\t\t\t<\/div>\n\t\t\t\t<\/div>\n\t\t\t\t<div class=\"elementor-element elementor-element-1cc5d9c elementor-button-danger elementor-align-center elementor-invisible elementor-widget elementor-widget-button\" data-id=\"1cc5d9c\" data-element_type=\"widget\" data-settings=\"{&quot;_animation&quot;:&quot;fadeIn&quot;}\" data-widget_type=\"button.default\">\n\t\t\t\t<div class=\"elementor-widget-container\">\n\t\t\t\t\t<div class=\"elementor-button-wrapper\">\n\t\t\t<a href=\"#\" class=\"elementor-button-link elementor-button elementor-size-sm\" role=\"button\">\n\t\t\t\t\t\t<span class=\"elementor-button-content-wrapper\">\n\t\t\t\t\t\t<span class=\"elementor-button-text\">REZERVI\u0160I SVOJ PRIMERAK PO PROMO CENI <\/span>\n\t\t<\/span>\n\t\t\t\t\t<\/a>\n\t\t<\/div>\n\t\t\t\t<\/div>\n\t\t\t\t<\/div>\n\t\t\t\t\t\t<\/div>\n\t\t\t\t\t<\/div>\n\t\t<\/div>\n\t\t\t\t\t\t\t\t<\/div>\n\t\t\t\t\t<\/div>\n\t\t<\/section>\n\t\t\t\t\t\t\t\t\t<\/div>\n\t\t\t<\/div>\n\t\t\t\t\t<\/div>\n\t\t","protected":false},"excerpt":{"rendered":"<p>ELEKTRONSKE KNJIGE &#8211; SIMAMED\u00a9 MEDENI NA\u010cIN DA SVOJ \u017dIVOT U\u010cINI\u0160 ZDRAVIM I SLA\u0110IM &#8211;&nbsp;prva elektronska knjiga o p\u010delarstvu u izdanju SIMAMED\u00a9&nbsp;(poljoprivredno gazdinstvo Simi\u0107). Kako i na koji na\u010din da najbolje iskoristi\u0161 benefite meda ujutru, pravilna upotreba meda umesto \u0161e\u0107era, zdravi recepti&#8230; REZERVI\u0160I SVOJ PRIMERAK PO PROMO CENI<\/p>\n","protected":false},"author":1,"featured_media":0,"parent":0,"menu_order":0,"comment_status":"closed","ping_status":"closed","template":"","meta":{"_coblocks_attr":"","_coblocks_dimensions":"","_coblocks_responsive_height":"","_coblocks_accordion_ie_support":"","site-sidebar-layout":"no-sidebar","site-content-layout":"page-builder","ast-global-header-display":"","ast-main-header-display":"","ast-hfb-above-header-display":"","ast-hfb-below-header-display":"","ast-hfb-mobile-header-display":"","site-post-title":"disabled","ast-breadcrumbs-content":"","ast-featured-img":"disabled","footer-sml-layout":"","theme-transparent-header-meta":"","adv-header-id-meta":"","stick-header-meta":"","header-above-stick-meta":"","header-main-stick-meta":"","header-below-stick-meta":"","footnotes":""},"_links":{"self":[{"href":"https:\/\/aleksandarsimic.info\/simamed\/wp-json\/wp\/v2\/pages\/3264"}],"collection":[{"href":"https:\/\/aleksandarsimic.info\/simamed\/wp-json\/wp\/v2\/pages"}],"about":[{"href":"https:\/\/aleksandarsimic.info\/simamed\/wp-json\/wp\/v2\/types\/page"}],"author":[{"embeddable":true,"href":"https:\/\/aleksandarsimic.info\/simamed\/wp-json\/wp\/v2\/users\/1"}],"replies":[{"embeddable":true,"href":"https:\/\/aleksandarsimic.info\/simamed\/wp-json\/wp\/v2\/comments?post=3264"}],"version-history":[{"count":4,"href":"https:\/\/aleksandarsimic.info\/simamed\/wp-json\/wp\/v2\/pages\/3264\/revisions"}],"predecessor-version":[{"id":3269,"href":"https:\/\/aleksandarsimic.info\/simamed\/wp-json\/wp\/v2\/pages\/3264\/revisions\/3269"}],"wp:attachment":[{"href":"https:\/\/aleksandarsimic.info\/simamed\/wp-json\/wp\/v2\/media?parent=3264"}],"curies":[{"name":"wp","href":"https:\/\/api.w.org\/{rel}","templated":true}]}}